{"id":100707,"date":"2026-02-18T09:10:34","date_gmt":"2026-02-18T14:10:34","guid":{"rendered":"https:\/\/mediumslateblue-peafowl-385000.hostingersite.com\/?post_type=product&#038;p=100707"},"modified":"2026-02-26T09:35:42","modified_gmt":"2026-02-26T14:35:42","slug":"pack-100-empanadas","status":"publish","type":"product","link":"https:\/\/abundanciaproducts.com\/es\/producto\/pack-100-empanadas\/","title":{"rendered":"Beef Empanadas Pack 100"},"content":{"rendered":"<h3 data-start=\"225\" data-end=\"242\">Deep Frying<\/h3>\n<ol data-start=\"243\" data-end=\"344\">\n<li data-start=\"243\" data-end=\"313\">\n<p data-start=\"246\" data-end=\"313\">Place in hot oil at <strong data-start=\"266\" data-end=\"275\">350\u00b0F<\/strong> for approximately <strong data-start=\"294\" data-end=\"310\">8\u201310 minutes<\/strong>.<\/p>\n<\/li>\n<li data-start=\"314\" data-end=\"344\">\n<p data-start=\"317\" data-end=\"344\">Drain excess oil and serve.<\/p>\n<\/li>\n<\/ol>\n<h3 data-start=\"346\" data-end=\"356\">Oven<\/h3>\n<ol data-start=\"357\" data-end=\"535\">\n<li data-start=\"357\" data-end=\"388\">\n<p data-start=\"360\" data-end=\"388\">Preheat oven to <strong data-start=\"376\" data-end=\"385\">380\u00b0F<\/strong>.<\/p>\n<\/li>\n<li data-start=\"389\" data-end=\"490\">\n<p data-start=\"392\" data-end=\"490\">Lightly brush with butter, oil, or margarine (1\u20132 times on both sides, according to preference).<\/p>\n<\/li>\n<li data-start=\"491\" data-end=\"535\">\n<p data-start=\"494\" data-end=\"535\">Bake for approximately <strong data-start=\"517\" data-end=\"534\">25\u201330 minutes<\/strong>.<\/p>\n<\/li>\n<\/ol>\n<h3 data-start=\"537\" data-end=\"552\">Freidora de aire<\/h3>\n<ol data-start=\"553\" data-end=\"712\">\n<li data-start=\"553\" data-end=\"654\">\n<p data-start=\"556\" data-end=\"654\">Lightly brush with butter, oil, or margarine (1\u20132 times on both sides, according to preference).<\/p>\n<\/li>\n<li data-start=\"655\" data-end=\"712\">\n<p data-start=\"658\" data-end=\"712\">Cook at <strong data-start=\"666\" data-end=\"675\">400\u00b0F<\/strong> for approximately <strong data-start=\"694\" data-end=\"711\">15\u201318 minutes<\/strong>.<\/p>\n<\/li>\n<\/ol>","protected":false},"excerpt":{"rendered":"<p><strong data-start=\"107\" data-end=\"296\">Nuestra empanada de carne est\u00e1 preparada con una receta tradicional colombiana y rellena con carne de res de alta calidad, cuidadosamente seleccionada y sazonada a fuego lento para lograr un sabor intenso, jugoso y lleno de tradici\u00f3n.<br \/>\n<\/strong>Crujiente por fuera y generosamente rellena por dentro, es perfecta para quienes buscan un bocado contundente, aut\u00e9ntico y lleno de sabor latino.<br \/>\nUn cl\u00e1sico esencial que combina calidad artesanal, tradici\u00f3n colombiana y satisfacci\u00f3n en cada bocado.<\/p>","protected":false},"featured_media":100910,"comment_status":"open","ping_status":"closed","template":"","meta":{"_et_pb_use_builder":"","_et_pb_old_content":"","_et_gb_content_width":""},"product_brand":[],"product_cat":[31],"product_tag":[],"class_list":{"0":"post-100707","1":"product","2":"type-product","3":"status-publish","4":"has-post-thumbnail","6":"product_cat-wholesale","8":"first","9":"instock","10":"shipping-taxable","11":"purchasable","12":"product-type-simple"},"_links":{"self":[{"href":"https:\/\/abundanciaproducts.com\/es\/wp-json\/wp\/v2\/product\/100707","targetHints":{"allow":["GET"]}}],"collection":[{"href":"https:\/\/abundanciaproducts.com\/es\/wp-json\/wp\/v2\/product"}],"about":[{"href":"https:\/\/abundanciaproducts.com\/es\/wp-json\/wp\/v2\/types\/product"}],"replies":[{"embeddable":true,"href":"https:\/\/abundanciaproducts.com\/es\/wp-json\/wp\/v2\/comments?post=100707"}],"wp:featuredmedia":[{"embeddable":true,"href":"https:\/\/abundanciaproducts.com\/es\/wp-json\/wp\/v2\/media\/100910"}],"wp:attachment":[{"href":"https:\/\/abundanciaproducts.com\/es\/wp-json\/wp\/v2\/media?parent=100707"}],"wp:term":[{"taxonomy":"product_brand","embeddable":true,"href":"https:\/\/abundanciaproducts.com\/es\/wp-json\/wp\/v2\/product_brand?post=100707"},{"taxonomy":"product_cat","embeddable":true,"href":"https:\/\/abundanciaproducts.com\/es\/wp-json\/wp\/v2\/product_cat?post=100707"},{"taxonomy":"product_tag","embeddable":true,"href":"https:\/\/abundanciaproducts.com\/es\/wp-json\/wp\/v2\/product_tag?post=100707"}],"curies":[{"name":"wp","href":"https:\/\/api.w.org\/{rel}","templated":true}]}}