{"id":100748,"date":"2026-02-18T10:26:32","date_gmt":"2026-02-18T15:26:32","guid":{"rendered":"https:\/\/mediumslateblue-peafowl-385000.hostingersite.com\/?post_type=product&#038;p=100748"},"modified":"2026-02-25T19:12:17","modified_gmt":"2026-02-26T00:12:17","slug":"bunuelo-dough","status":"publish","type":"product","link":"https:\/\/abundanciaproducts.com\/es\/producto\/bunuelo-dough\/","title":{"rendered":"Masa para bu\u00f1uelo"},"content":{"rendered":"<p>Horno (M\u00e9todo recomendado)<\/p>\n<ol>\n<li>Precalienta el horno a 375\u00b0F (190\u00b0C).<\/li>\n<li>Coloca las empanadas congeladas en una bandeja para hornear cubierta con papel pergamino.<\/li>\n<li>Hornea durante 18\u201322 minutos, o hasta que est\u00e9n doradas y bien calientes.<\/li>\n<li>Deja reposar durante 2\u20133 minutos antes de servir.<\/li>\n<\/ol>\n<p>Freidora de aire<\/p>\n<ol>\n<li>Precalienta la freidora de aire a 350\u00b0F (175\u00b0C).<\/li>\n<li>Coloca las empanadas en una sola capa.<\/li>\n<li>Cocina durante 10\u201314 minutos, d\u00e1ndoles la vuelta a la mitad del tiempo, hasta que est\u00e9n crujientes y calientes por dentro.<\/li>\n<\/ol>\n<p>Fre\u00edr (M\u00e9todo tradicional)<\/p>\n<ol>\n<li>Calienta el aceite a 350\u00b0F (175\u00b0C).<\/li>\n<li>Fr\u00ede durante 4\u20136 minutos o hasta que est\u00e9n doradas.<\/li>\n<li>Retira el exceso de aceite y deja reposar brevemente antes de servir.<\/li>\n<\/ol>\n<p>\u26a0\ufe0f La temperatura interna debe alcanzar los 165\u00b0F (74\u00b0C) antes de servir.<br \/>\nNo descongelar antes de cocinar. Los tiempos de cocci\u00f3n pueden variar seg\u00fan el equipo.<\/p>","protected":false},"excerpt":{"rendered":"<p data-start=\"89\" data-end=\"251\"><strong data-start=\"89\" data-end=\"251\">Nuestra masa de bu\u00f1uelos est\u00e1 elaborada con una receta tradicional colombiana que preserva el sabor original de uno de los productos m\u00e1s queridos de nuestra panader\u00eda ancestral.<br \/>\n<\/strong>Lista para preparar y elaborada con la mezcla perfecta de ingredientes cuidadosamente seleccionados, te permite crear bu\u00f1uelos dorados y crujientes por fuera, suaves por dentro y con ese toque caracter\u00edstico de queso que los hace irresistibles.<br \/>\nIdeal para el desayuno, el caf\u00e9 de la tarde o momentos especiales en familia. Tradici\u00f3n colombiana, practicidad y sabor aut\u00e9ntico en cada preparaci\u00f3n.<\/p>","protected":false},"featured_media":101186,"comment_status":"open","ping_status":"closed","template":"","meta":{"_et_pb_use_builder":"","_et_pb_old_content":"","_et_gb_content_width":""},"product_brand":[],"product_cat":[22],"product_tag":[],"class_list":{"0":"post-100748","1":"product","2":"type-product","3":"status-publish","4":"has-post-thumbnail","6":"product_cat-bakery","8":"first","9":"instock","10":"shipping-taxable","11":"purchasable","12":"product-type-simple"},"_links":{"self":[{"href":"https:\/\/abundanciaproducts.com\/es\/wp-json\/wp\/v2\/product\/100748","targetHints":{"allow":["GET"]}}],"collection":[{"href":"https:\/\/abundanciaproducts.com\/es\/wp-json\/wp\/v2\/product"}],"about":[{"href":"https:\/\/abundanciaproducts.com\/es\/wp-json\/wp\/v2\/types\/product"}],"replies":[{"embeddable":true,"href":"https:\/\/abundanciaproducts.com\/es\/wp-json\/wp\/v2\/comments?post=100748"}],"wp:featuredmedia":[{"embeddable":true,"href":"https:\/\/abundanciaproducts.com\/es\/wp-json\/wp\/v2\/media\/101186"}],"wp:attachment":[{"href":"https:\/\/abundanciaproducts.com\/es\/wp-json\/wp\/v2\/media?parent=100748"}],"wp:term":[{"taxonomy":"product_brand","embeddable":true,"href":"https:\/\/abundanciaproducts.com\/es\/wp-json\/wp\/v2\/product_brand?post=100748"},{"taxonomy":"product_cat","embeddable":true,"href":"https:\/\/abundanciaproducts.com\/es\/wp-json\/wp\/v2\/product_cat?post=100748"},{"taxonomy":"product_tag","embeddable":true,"href":"https:\/\/abundanciaproducts.com\/es\/wp-json\/wp\/v2\/product_tag?post=100748"}],"curies":[{"name":"wp","href":"https:\/\/api.w.org\/{rel}","templated":true}]}}