{"id":100890,"date":"2026-02-20T07:52:40","date_gmt":"2026-02-20T12:52:40","guid":{"rendered":"https:\/\/mediumslateblue-peafowl-385000.hostingersite.com\/?post_type=product&#038;p=100890"},"modified":"2026-02-26T09:38:53","modified_gmt":"2026-02-26T14:38:53","slug":"pre-fried-beef-empanada","status":"publish","type":"product","link":"https:\/\/abundanciaproducts.com\/es\/producto\/pre-fried-beef-empanada\/","title":{"rendered":"Pre-Fried Beef Empanada"},"content":{"rendered":"<h3 data-start=\"1275\" data-end=\"1292\">Deep Frying<\/h3>\n<ol data-start=\"1293\" data-end=\"1393\">\n<li data-start=\"1293\" data-end=\"1362\">\n<p data-start=\"1296\" data-end=\"1362\">Place in hot oil at <strong data-start=\"1316\" data-end=\"1325\">350\u00b0F<\/strong> for approximately <strong data-start=\"1344\" data-end=\"1359\">6\u20138 minutes<\/strong>.<\/p>\n<\/li>\n<li data-start=\"1363\" data-end=\"1393\">\n<p data-start=\"1366\" data-end=\"1393\">Drain excess oil and serve.<\/p>\n<\/li>\n<\/ol>\n<h3 data-start=\"1395\" data-end=\"1405\">Oven<\/h3>\n<ol data-start=\"1406\" data-end=\"1584\">\n<li data-start=\"1406\" data-end=\"1437\">\n<p data-start=\"1409\" data-end=\"1437\">Preheat oven to <strong data-start=\"1425\" data-end=\"1434\">380\u00b0F<\/strong>.<\/p>\n<\/li>\n<li data-start=\"1438\" data-end=\"1539\">\n<p data-start=\"1441\" data-end=\"1539\">Lightly brush with butter, oil, or margarine (1\u20132 times on both sides, according to preference).<\/p>\n<\/li>\n<li data-start=\"1540\" data-end=\"1584\">\n<p data-start=\"1543\" data-end=\"1584\">Bake for approximately <strong data-start=\"1566\" data-end=\"1583\">25\u201330 minutes<\/strong>.<\/p>\n<\/li>\n<\/ol>\n<h3 data-start=\"1586\" data-end=\"1601\">Freidora de aire<\/h3>\n<ol data-start=\"1602\" data-end=\"1659\">\n<li data-start=\"1602\" data-end=\"1659\">\n<p data-start=\"1605\" data-end=\"1659\">Cook at <strong data-start=\"1613\" data-end=\"1622\">400\u00b0F<\/strong> for approximately <strong data-start=\"1641\" data-end=\"1658\">15\u201318 minutes<\/strong>.<\/p>\n<\/li>\n<\/ol>","protected":false},"excerpt":{"rendered":"<p><strong data-start=\"107\" data-end=\"296\">Nuestra empanada de carne est\u00e1 preparada con una receta tradicional colombiana y rellena con carne de res de alta calidad, cuidadosamente seleccionada y sazonada a fuego lento para lograr un sabor intenso, jugoso y lleno de tradici\u00f3n.<br \/>\n<\/strong>Crujiente por fuera y generosamente rellena por dentro, es perfecta para quienes buscan un bocado contundente, aut\u00e9ntico y lleno de sabor latino.<br \/>\nUn cl\u00e1sico esencial que combina calidad artesanal, tradici\u00f3n colombiana y satisfacci\u00f3n en cada bocado.<\/p>","protected":false},"featured_media":100907,"comment_status":"open","ping_status":"closed","template":"","meta":{"_et_pb_use_builder":"","_et_pb_old_content":"","_et_gb_content_width":""},"product_brand":[],"product_cat":[31],"product_tag":[],"class_list":{"0":"post-100890","1":"product","2":"type-product","3":"status-publish","4":"has-post-thumbnail","6":"product_cat-wholesale","8":"first","9":"instock","10":"shipping-taxable","11":"purchasable","12":"product-type-simple"},"_links":{"self":[{"href":"https:\/\/abundanciaproducts.com\/es\/wp-json\/wp\/v2\/product\/100890","targetHints":{"allow":["GET"]}}],"collection":[{"href":"https:\/\/abundanciaproducts.com\/es\/wp-json\/wp\/v2\/product"}],"about":[{"href":"https:\/\/abundanciaproducts.com\/es\/wp-json\/wp\/v2\/types\/product"}],"replies":[{"embeddable":true,"href":"https:\/\/abundanciaproducts.com\/es\/wp-json\/wp\/v2\/comments?post=100890"}],"wp:featuredmedia":[{"embeddable":true,"href":"https:\/\/abundanciaproducts.com\/es\/wp-json\/wp\/v2\/media\/100907"}],"wp:attachment":[{"href":"https:\/\/abundanciaproducts.com\/es\/wp-json\/wp\/v2\/media?parent=100890"}],"wp:term":[{"taxonomy":"product_brand","embeddable":true,"href":"https:\/\/abundanciaproducts.com\/es\/wp-json\/wp\/v2\/product_brand?post=100890"},{"taxonomy":"product_cat","embeddable":true,"href":"https:\/\/abundanciaproducts.com\/es\/wp-json\/wp\/v2\/product_cat?post=100890"},{"taxonomy":"product_tag","embeddable":true,"href":"https:\/\/abundanciaproducts.com\/es\/wp-json\/wp\/v2\/product_tag?post=100890"}],"curies":[{"name":"wp","href":"https:\/\/api.w.org\/{rel}","templated":true}]}}