{"id":100898,"date":"2026-02-20T08:22:02","date_gmt":"2026-02-20T13:22:02","guid":{"rendered":"https:\/\/mediumslateblue-peafowl-385000.hostingersite.com\/?post_type=product&#038;p=100898"},"modified":"2026-02-26T10:02:01","modified_gmt":"2026-02-26T15:02:01","slug":"mini-cheese-bread-pack-x-100","status":"publish","type":"product","link":"https:\/\/abundanciaproducts.com\/es\/producto\/mini-cheese-bread-pack-x-100\/","title":{"rendered":"Mini Cheese Bread &#8211; Pack x 100"},"content":{"rendered":"<ol data-start=\"1562\" data-end=\"2005\">\n<li data-start=\"1562\" data-end=\"1671\">\n<p data-start=\"1565\" data-end=\"1671\">Transfer product from freezer to refrigerator the day before baking to achieve optimal proofing results.<\/p>\n<\/li>\n<li data-start=\"1672\" data-end=\"1751\">\n<p data-start=\"1675\" data-end=\"1751\">Place product in the proofing cabinet for approximately <strong data-start=\"1731\" data-end=\"1748\">25\u201330 minutes<\/strong>.<\/p>\n<\/li>\n<li data-start=\"1752\" data-end=\"1789\">\n<p data-start=\"1755\" data-end=\"1789\">Preheat oven to <strong data-start=\"1771\" data-end=\"1786\">300\u00b0F\u2013325\u00b0F<\/strong>.<\/p>\n<\/li>\n<li data-start=\"1790\" data-end=\"1910\">\n<p data-start=\"1793\" data-end=\"1910\">Bake for <strong data-start=\"1802\" data-end=\"1819\">25\u201330 minutes<\/strong>. <em data-start=\"1821\" data-end=\"1908\">(Do not open the oven during the first 15 minutes, as this will affect product rise.)<\/em><\/p>\n<\/li>\n<li data-start=\"1911\" data-end=\"2005\">\n<p data-start=\"1914\" data-end=\"2005\">After minute 15, monitor product color and rotate the tray if needed to ensure even baking.<\/p>\n<\/li>\n<\/ol>\n<h3 data-start=\"2007\" data-end=\"2045\"><\/h3>","protected":false},"excerpt":{"rendered":"<p><strong data-start=\"84\" data-end=\"290\">Nuestro pan de queso mini est\u00e1 elaborado con una receta tradicional colombiana que logra una textura suave y esponjosa por dentro, con una delicada corteza dorada por fuera y un rico sabor a queso en cada bocado.<br \/>\n<\/strong>Perfecto para desayunos r\u00e1pidos, para acompa\u00f1ar con caf\u00e9 o disfrutar como snack, es una opci\u00f3n pr\u00e1ctica, aut\u00e9ntica y llena de sabor latino.<br \/>\nTradici\u00f3n colombiana en un formato peque\u00f1o, ideal para cualquier momento del d\u00eda.<\/p>","protected":false},"featured_media":100899,"comment_status":"open","ping_status":"closed","template":"","meta":{"_et_pb_use_builder":"","_et_pb_old_content":"","_et_gb_content_width":""},"product_brand":[],"product_cat":[31],"product_tag":[],"class_list":{"0":"post-100898","1":"product","2":"type-product","3":"status-publish","4":"has-post-thumbnail","6":"product_cat-wholesale","8":"first","9":"instock","10":"shipping-taxable","11":"purchasable","12":"product-type-simple"},"_links":{"self":[{"href":"https:\/\/abundanciaproducts.com\/es\/wp-json\/wp\/v2\/product\/100898","targetHints":{"allow":["GET"]}}],"collection":[{"href":"https:\/\/abundanciaproducts.com\/es\/wp-json\/wp\/v2\/product"}],"about":[{"href":"https:\/\/abundanciaproducts.com\/es\/wp-json\/wp\/v2\/types\/product"}],"replies":[{"embeddable":true,"href":"https:\/\/abundanciaproducts.com\/es\/wp-json\/wp\/v2\/comments?post=100898"}],"wp:featuredmedia":[{"embeddable":true,"href":"https:\/\/abundanciaproducts.com\/es\/wp-json\/wp\/v2\/media\/100899"}],"wp:attachment":[{"href":"https:\/\/abundanciaproducts.com\/es\/wp-json\/wp\/v2\/media?parent=100898"}],"wp:term":[{"taxonomy":"product_brand","embeddable":true,"href":"https:\/\/abundanciaproducts.com\/es\/wp-json\/wp\/v2\/product_brand?post=100898"},{"taxonomy":"product_cat","embeddable":true,"href":"https:\/\/abundanciaproducts.com\/es\/wp-json\/wp\/v2\/product_cat?post=100898"},{"taxonomy":"product_tag","embeddable":true,"href":"https:\/\/abundanciaproducts.com\/es\/wp-json\/wp\/v2\/product_tag?post=100898"}],"curies":[{"name":"wp","href":"https:\/\/api.w.org\/{rel}","templated":true}]}}